{"id":407,"date":"2025-09-29T14:43:13","date_gmt":"2025-09-29T12:43:13","guid":{"rendered":"https:\/\/dev.be-logistic.de\/impressum\/"},"modified":"2025-10-13T11:23:14","modified_gmt":"2025-10-13T09:23:14","slug":"impressum","status":"publish","type":"page","link":"https:\/\/be-logistic.de\/en\/impressum\/","title":{"rendered":"Impressum"},"content":{"rendered":"<div  class='flex_column av-132j77-e0e49aea2b96d1c8c7eea5f843624238 av_one_full  avia-builder-el-0  el_before_av_one_half  avia-builder-el-first  first flex_column_div  '     ><section  class='av_textblock_section av-mg54edy1-a9ed15cef967fe1bb5433149f3776acf '   itemscope=\"itemscope\" itemtype=\"https:\/\/schema.org\/CreativeWork\" ><div class='avia_textblock'  itemprop=\"text\" ><h1>Impressum<\/h1>\n<\/div><\/section><\/div>\n<div  class='flex_column av-hjmlf-65562dfb8ce5ffd9fce31b3b0c76d1e9 av_one_half  avia-builder-el-2  el_after_av_one_full  el_before_av_one_half  first flex_column_div  column-top-margin'     ><section  class='av_textblock_section av-yxi8b-d355ee6f6e7ee4e68585a263f28d7757 '   itemscope=\"itemscope\" itemtype=\"https:\/\/schema.org\/CreativeWork\" ><div class='avia_textblock'  itemprop=\"text\" ><p>B&amp;E Internationale Logistic GmbH &amp; Co. KG<br \/>\nSiemensstra\u00dfe 4<br \/>\n85716 Unterschlei\u00dfheim<\/p>\n<p><strong>Vertreten durch:<\/strong><\/p>\n<p>Miralem Begic<br \/>\nEvangelos Efthymiou<br \/>\nAlexander Maier<\/p>\n<p>Telefon: +49 89 179 2882 30<br \/>\nE-Mail:\u00a0<span id=\"cloak1b2fb4c43a9e752d77e88e6cae3d7ca2\"><a href=\"mailto:info@be-logistic.de\">info@be-logistic.de<\/a><\/span><\/p>\n<p>Registergericht: Amtsgericht M\u00fcnchen<br \/>\nRegisternummer: HRA 101390<br \/>\nUmsatzsteuer-ID-Nr: DE 292282913<\/p>\n<\/div><\/section><\/div><div  class='flex_column av-x85n-442492079c6e3d1951b3c5d7ca2946b5 av_one_half  avia-builder-el-4  el_after_av_one_half  el_before_av_hr  flex_column_div  column-top-margin'     ><\/div><\/p>\n\n<style type=\"text\/css\" data-created_by=\"avia_inline_auto\" id=\"style-css-av-mg54ifla-616f9127c552c01530c0b939495eb4af\">\n#top .hr.hr-invisible.av-mg54ifla-616f9127c552c01530c0b939495eb4af{\nheight:50px;\n}\n<\/style>\n<div  class='hr av-mg54ifla-616f9127c552c01530c0b939495eb4af hr-invisible  avia-builder-el-5  el_after_av_one_half  el_before_av_one_half '><span class='hr-inner '><span class=\"hr-inner-style\"><\/span><\/span><\/div>\n<div  class='flex_column av-t7ic3-43060bcd350ffee1c4c6de21f463f4c0 av_one_half  avia-builder-el-6  el_after_av_hr  el_before_av_one_half  first flex_column_div  '     ><section  class='av_textblock_section av-mg54htdf-8afe542e3342696b149b9ca49c7cc157 '   itemscope=\"itemscope\" itemtype=\"https:\/\/schema.org\/CreativeWork\" ><div class='avia_textblock'  itemprop=\"text\" ><h3>Angaben zur Berufshaftpflichtversicherung<\/h3>\n<p>Name und Sitz des Versicherers:<br \/>\nGesellschaft Gothaer Allgemeine Versicherung AG<br \/>\nSitz Gothaer Allee 1, 50969 K\u00f6ln (Hausanschrift)<\/p>\n<p>Die Deckungssummen je Versicherungsfall betragen:<br \/>\nf\u00fcr Personen- und Sachsch\u00e4den pauschal 5.000.000,00 EUR<br \/>\nf\u00fcr Verm\u00f6genssch\u00e4den 300.000,00 EUR<\/p>\n<p>Geltungsraum der Versicherung: Weltweit<\/p>\n<\/div><\/section><\/div>\n<div  class='flex_column av-ivxsj-1698fb8e898a3590d796cc11035bab84 av_one_half  avia-builder-el-8  el_after_av_one_half  el_before_av_one_half  flex_column_div  '     ><section  class='av_textblock_section av-mg54c448-e4ee037de2679405f698ade61ebb02ac '   itemscope=\"itemscope\" itemtype=\"https:\/\/schema.org\/CreativeWork\" ><div class='avia_textblock'  itemprop=\"text\" ><h3>Haftung f\u00fcr Inhalte<\/h3>\n<p>Als Diensteanbieter sind wir gem\u00e4\u00df \u00a7 7 Abs.1 TMG f\u00fcr eigene Inhalte auf diesen Seiten nach den allgemeinen Gesetzen verantwortlich. Nach \u00a7\u00a7 8 bis 10 TMG sind wir als Diensteanbieter jedoch nicht verpflichtet, \u00fcbermittelte oder gespeicherte fremde Informationen zu \u00fcberwachen oder nach Umst\u00e4nden zu forschen, die auf eine rechtswidrige T\u00e4tigkeit hinweisen.<\/p>\n<p>Verpflichtungen zur Entfernung oder Sperrung der Nutzung von Informationen nach den allgemeinen Gesetzen bleiben hiervon unber\u00fchrt. Eine diesbez\u00fcgliche Haftung ist jedoch erst ab dem Zeitpunkt der Kenntnis einer konkreten Rechtsverletzung m\u00f6glich. Bei Bekanntwerden von entsprechenden Rechtsverletzungen werden wir diese Inhalte umgehend entfernen.<\/p>\n<\/div><\/section><\/div>\n<div  class='flex_column av-fshg3-734c7034f4dbf25b55c6f0322ff50fe2 av_one_half  avia-builder-el-10  el_after_av_one_half  el_before_av_one_half  first flex_column_div  column-top-margin'     ><section  class='av_textblock_section av-mg54i1rj-696dc154985359346f523d0e9850ac44 '   itemscope=\"itemscope\" itemtype=\"https:\/\/schema.org\/CreativeWork\" ><div class='avia_textblock'  itemprop=\"text\" ><h3>Haftung f\u00fcr Links<\/h3>\n<p>Unser Angebot enth\u00e4lt Links zu externen Websites Dritter, auf deren Inhalte wir keinen Einfluss haben. Deshalb k\u00f6nnen wir f\u00fcr diese fremden Inhalte auch keine Gew\u00e4hr \u00fcbernehmen. F\u00fcr die Inhalte der verlinkten Seiten ist stets der jeweilige Anbieter oder Betreiber der Seiten verantwortlich. Die verlinkten Seiten wurden zum Zeitpunkt der Verlinkung auf m\u00f6gliche Rechtsverst\u00f6\u00dfe \u00fcberpr\u00fcft. Rechtswidrige Inhalte waren zum Zeitpunkt der Verlinkung nicht erkennbar.<\/p>\n<p>Eine permanente inhaltliche Kontrolle der verlinkten Seiten ist jedoch ohne konkrete Anhaltspunkte einer Rechtsverletzung nicht zumutbar. Bei Bekanntwerden von Rechtsverletzungen werden wir derartige Links umgehend entfernen.<\/p>\n<\/div><\/section><\/div>\n<div  class='flex_column av-azteb-db01ad5f634d7f0789fd6982bc1301c4 av_one_half  avia-builder-el-12  el_after_av_one_half  avia-builder-el-last  flex_column_div  column-top-margin'     ><section  class='av_textblock_section av-mg54i7i1-2f1295dcabcf0d09ea188e995145577b '   itemscope=\"itemscope\" itemtype=\"https:\/\/schema.org\/CreativeWork\" ><div class='avia_textblock'  itemprop=\"text\" ><h3>Urheberrecht<\/h3>\n<p>Die durch die Seitenbetreiber erstellten Inhalte und Werke auf diesen Seiten unterliegen dem deutschen Urheberrecht. Die Vervielf\u00e4ltigung, Bearbeitung, Verbreitung und jede Art der Verwertung au\u00dferhalb der Grenzen des Urheberrechtes bed\u00fcrfen der schriftlichen Zustimmung des jeweiligen Autors bzw. Erstellers. Downloads und Kopien dieser Seite sind nur f\u00fcr den privaten, nicht kommerziellen Gebrauch gestattet.<\/p>\n<p>Soweit die Inhalte auf dieser Seite nicht vom Betreiber erstellt wurden, werden die Urheberrechte Dritter beachtet. Insbesondere werden Inhalte Dritter als solche gekennzeichnet. Sollten Sie trotzdem auf eine Urheberrechtsverletzung aufmerksam werden, bitten wir um einen entsprechenden Hinweis. Bei Bekanntwerden von Rechtsverletzungen werden wir derartige Inhalte umgehend entfernen.<\/p>\n<\/div><\/section><\/div>\n","protected":false},"excerpt":{"rendered":"","protected":false},"author":1,"featured_media":0,"parent":0,"menu_order":0,"comment_status":"closed","ping_status":"closed","template":"","meta":{"footnotes":""},"class_list":["post-407","page","type-page","status-publish","hentry"],"yoast_head":"<!-- This site is optimized with the Yoast SEO plugin v27.5 - https:\/\/yoast.com\/product\/yoast-seo-wordpress\/ -->\n<title>Impressum - B&amp;E Internationale Logistic<\/title>\n<meta name=\"robots\" content=\"noindex, nofollow\" \/>\n<meta property=\"og:locale\" content=\"en_US\" \/>\n<meta property=\"og:type\" content=\"article\" \/>\n<meta property=\"og:title\" content=\"Impressum - B&amp;E Internationale Logistic\" \/>\n<meta property=\"og:url\" content=\"https:\/\/be-logistic.de\/en\/impressum\/\" \/>\n<meta property=\"og:site_name\" content=\"B&amp;E Internationale Logistic\" \/>\n<meta property=\"article:modified_time\" content=\"2025-10-13T09:23:14+00:00\" \/>\n<meta name=\"twitter:card\" content=\"summary_large_image\" \/>\n<meta name=\"twitter:label1\" content=\"Est. reading time\" \/>\n\t<meta name=\"twitter:data1\" content=\"3 minutes\" \/>\n<script type=\"application\/ld+json\" class=\"yoast-schema-graph\">{\"@context\":\"https:\\\/\\\/schema.org\",\"@graph\":[{\"@type\":\"WebPage\",\"@id\":\"https:\\\/\\\/be-logistic.de\\\/en\\\/impressum\\\/\",\"url\":\"https:\\\/\\\/be-logistic.de\\\/en\\\/impressum\\\/\",\"name\":\"Impressum - B&amp;E Internationale Logistic\",\"isPartOf\":{\"@id\":\"https:\\\/\\\/be-logistic.de\\\/en\\\/#website\"},\"datePublished\":\"2025-09-29T12:43:13+00:00\",\"dateModified\":\"2025-10-13T09:23:14+00:00\",\"breadcrumb\":{\"@id\":\"https:\\\/\\\/be-logistic.de\\\/en\\\/impressum\\\/#breadcrumb\"},\"inLanguage\":\"en-US\",\"potentialAction\":[{\"@type\":\"ReadAction\",\"target\":[\"https:\\\/\\\/be-logistic.de\\\/en\\\/impressum\\\/\"]}]},{\"@type\":\"BreadcrumbList\",\"@id\":\"https:\\\/\\\/be-logistic.de\\\/en\\\/impressum\\\/#breadcrumb\",\"itemListElement\":[{\"@type\":\"ListItem\",\"position\":1,\"name\":\"Startseite\",\"item\":\"https:\\\/\\\/be-logistic.de\\\/en\\\/homepage\\\/\"},{\"@type\":\"ListItem\",\"position\":2,\"name\":\"Impressum\"}]},{\"@type\":\"WebSite\",\"@id\":\"https:\\\/\\\/be-logistic.de\\\/en\\\/#website\",\"url\":\"https:\\\/\\\/be-logistic.de\\\/en\\\/\",\"name\":\"B&E Internationale Logistic\",\"description\":\"\",\"publisher\":{\"@id\":\"https:\\\/\\\/be-logistic.de\\\/en\\\/#organization\"},\"potentialAction\":[{\"@type\":\"SearchAction\",\"target\":{\"@type\":\"EntryPoint\",\"urlTemplate\":\"https:\\\/\\\/be-logistic.de\\\/en\\\/?s={search_term_string}\"},\"query-input\":{\"@type\":\"PropertyValueSpecification\",\"valueRequired\":true,\"valueName\":\"search_term_string\"}}],\"inLanguage\":\"en-US\"},{\"@type\":\"Organization\",\"@id\":\"https:\\\/\\\/be-logistic.de\\\/en\\\/#organization\",\"name\":\"B&E Internationale Logistic GmbH & Co. KG\",\"url\":\"https:\\\/\\\/be-logistic.de\\\/en\\\/\",\"logo\":{\"@type\":\"ImageObject\",\"inLanguage\":\"en-US\",\"@id\":\"https:\\\/\\\/be-logistic.de\\\/en\\\/#\\\/schema\\\/logo\\\/image\\\/\",\"url\":\"https:\\\/\\\/dev.be-logistic.de\\\/wp-content\\\/uploads\\\/2024\\\/04\\\/logo-be.svg\",\"contentUrl\":\"https:\\\/\\\/dev.be-logistic.de\\\/wp-content\\\/uploads\\\/2024\\\/04\\\/logo-be.svg\",\"width\":1,\"height\":1,\"caption\":\"B&E Internationale Logistic GmbH & Co. KG\"},\"image\":{\"@id\":\"https:\\\/\\\/be-logistic.de\\\/en\\\/#\\\/schema\\\/logo\\\/image\\\/\"}}]}<\/script>\n<!-- \/ Yoast SEO plugin. -->","yoast_head_json":{"title":"Impressum - B&amp;E Internationale Logistic","robots":{"index":"noindex","follow":"nofollow"},"og_locale":"en_US","og_type":"article","og_title":"Impressum - B&amp;E Internationale Logistic","og_url":"https:\/\/be-logistic.de\/en\/impressum\/","og_site_name":"B&amp;E Internationale Logistic","article_modified_time":"2025-10-13T09:23:14+00:00","twitter_card":"summary_large_image","twitter_misc":{"Est. reading time":"3 minutes"},"schema":{"@context":"https:\/\/schema.org","@graph":[{"@type":"WebPage","@id":"https:\/\/be-logistic.de\/en\/impressum\/","url":"https:\/\/be-logistic.de\/en\/impressum\/","name":"Impressum - B&amp;E Internationale Logistic","isPartOf":{"@id":"https:\/\/be-logistic.de\/en\/#website"},"datePublished":"2025-09-29T12:43:13+00:00","dateModified":"2025-10-13T09:23:14+00:00","breadcrumb":{"@id":"https:\/\/be-logistic.de\/en\/impressum\/#breadcrumb"},"inLanguage":"en-US","potentialAction":[{"@type":"ReadAction","target":["https:\/\/be-logistic.de\/en\/impressum\/"]}]},{"@type":"BreadcrumbList","@id":"https:\/\/be-logistic.de\/en\/impressum\/#breadcrumb","itemListElement":[{"@type":"ListItem","position":1,"name":"Startseite","item":"https:\/\/be-logistic.de\/en\/homepage\/"},{"@type":"ListItem","position":2,"name":"Impressum"}]},{"@type":"WebSite","@id":"https:\/\/be-logistic.de\/en\/#website","url":"https:\/\/be-logistic.de\/en\/","name":"B&E Internationale Logistic","description":"","publisher":{"@id":"https:\/\/be-logistic.de\/en\/#organization"},"potentialAction":[{"@type":"SearchAction","target":{"@type":"EntryPoint","urlTemplate":"https:\/\/be-logistic.de\/en\/?s={search_term_string}"},"query-input":{"@type":"PropertyValueSpecification","valueRequired":true,"valueName":"search_term_string"}}],"inLanguage":"en-US"},{"@type":"Organization","@id":"https:\/\/be-logistic.de\/en\/#organization","name":"B&E Internationale Logistic GmbH & Co. KG","url":"https:\/\/be-logistic.de\/en\/","logo":{"@type":"ImageObject","inLanguage":"en-US","@id":"https:\/\/be-logistic.de\/en\/#\/schema\/logo\/image\/","url":"https:\/\/dev.be-logistic.de\/wp-content\/uploads\/2024\/04\/logo-be.svg","contentUrl":"https:\/\/dev.be-logistic.de\/wp-content\/uploads\/2024\/04\/logo-be.svg","width":1,"height":1,"caption":"B&E Internationale Logistic GmbH & Co. KG"},"image":{"@id":"https:\/\/be-logistic.de\/en\/#\/schema\/logo\/image\/"}}]}},"_links":{"self":[{"href":"https:\/\/be-logistic.de\/en\/wp-json\/wp\/v2\/pages\/407","targetHints":{"allow":["GET"]}}],"collection":[{"href":"https:\/\/be-logistic.de\/en\/wp-json\/wp\/v2\/pages"}],"about":[{"href":"https:\/\/be-logistic.de\/en\/wp-json\/wp\/v2\/types\/page"}],"author":[{"embeddable":true,"href":"https:\/\/be-logistic.de\/en\/wp-json\/wp\/v2\/users\/1"}],"replies":[{"embeddable":true,"href":"https:\/\/be-logistic.de\/en\/wp-json\/wp\/v2\/comments?post=407"}],"version-history":[{"count":1,"href":"https:\/\/be-logistic.de\/en\/wp-json\/wp\/v2\/pages\/407\/revisions"}],"predecessor-version":[{"id":411,"href":"https:\/\/be-logistic.de\/en\/wp-json\/wp\/v2\/pages\/407\/revisions\/411"}],"wp:attachment":[{"href":"https:\/\/be-logistic.de\/en\/wp-json\/wp\/v2\/media?parent=407"}],"curies":[{"name":"wp","href":"https:\/\/api.w.org\/{rel}","templated":true}]}}